{"id":2,"date":"2024-04-10T13:51:13","date_gmt":"2024-04-10T13:51:13","guid":{"rendered":"https:\/\/www.cerclepierresoulages.com\/?page_id=2"},"modified":"2025-08-19T12:03:38","modified_gmt":"2025-08-19T11:03:38","slug":"sample-page","status":"publish","type":"page","link":"https:\/\/www.cerclepierresoulages.com\/fr\/","title":{"rendered":"Accueil"},"content":{"rendered":"<div class=\"wp-block-cover alignfull has-custom-content-position is-position-center-left full-height-minus-nav\" style=\"min-height:100vh;aspect-ratio:unset;\"><img loading=\"lazy\" decoding=\"async\" width=\"1800\" height=\"1392\" class=\"wp-block-cover__image-background wp-image-47\" alt=\"\" src=\"https:\/\/www.cerclepierresoulages.com\/wp-content\/uploads\/2024\/05\/hp-feature2.jpg\" data-object-fit=\"cover\" srcset=\"https:\/\/www.cerclepierresoulages.com\/wp-content\/uploads\/2024\/05\/hp-feature2.jpg 1800w, https:\/\/www.cerclepierresoulages.com\/wp-content\/uploads\/2024\/05\/hp-feature2-300x232.jpg 300w, https:\/\/www.cerclepierresoulages.com\/wp-content\/uploads\/2024\/05\/hp-feature2-1024x792.jpg 1024w, https:\/\/www.cerclepierresoulages.com\/wp-content\/uploads\/2024\/05\/hp-feature2-768x594.jpg 768w, https:\/\/www.cerclepierresoulages.com\/wp-content\/uploads\/2024\/05\/hp-feature2-1536x1188.jpg 1536w\" sizes=\"auto, (max-width: 1800px) 100vw, 1800px\" \/><span aria-hidden=\"true\" class=\"wp-block-cover__background has-background-dim-0 has-background-dim\" style=\"background-color:#474945\"><\/span><div class=\"wp-block-cover__inner-container is-layout-flow wp-block-cover-is-layout-flow\">\n<p class=\"has-text-align-left has-base-2-color has-accent-2-background-color has-text-color has-background has-link-color has-x-large-font-size wp-elements-5d71c146653a54308017487e2b98037c\">Rejoignez un groupe prestigieux de m\u00e9c\u00e8nes et <br class=\"no-mobile\">partenaires soutenant l\u2019h\u00e9ritage de Pierre Soulages <\/p>\n<\/div><\/div>\n\n\n\n<div style=\"height:30px\" aria-hidden=\"true\" class=\"wp-block-spacer\"><\/div>\n\n\n\n<p style=\"padding-top:0px;padding-bottom:0px;font-size:clamp(0.984rem, 0.984rem + ((1vw - 0.2rem) * 0.86), 1.5rem);\">Le <mark style=\"background-color:rgba(0, 0, 0, 0)\" class=\"has-inline-color has-accent-3-color\">Cercle International Pierre Soulages<\/mark> a \u00e9t\u00e9 cr\u00e9\u00e9 en 2022 par un groupe d\u2019amateurs\nd\u2019art passionn\u00e9s par l\u2019\u0153uvre de Pierre Soulages (1919 \u2013 2022) et le mus\u00e9e qui porte son nom. Sa mission principale est le soutien financier du mus\u00e9e pour soutenir son d\u00e9veloppement sur le long terme, pour contribuer aux acquisitions importantes, \u00e0\nl\u2019agrandissement du mus\u00e9e, aux expositions temporaires, et au rayonnement international de l\u2019image du peintre et son mus\u00e9e \u00e0 Rodez.<\/p>\n\n\n\n<p style=\"padding-top:0px;padding-bottom:0px;font-size:clamp(0.984rem, 0.984rem + ((1vw - 0.2rem) * 0.86), 1.5rem);\">Devenir membre du <mark style=\"background-color:rgba(0, 0, 0, 0)\" class=\"has-inline-color has-accent-3-color\">Cercle International Pierre Soulages<\/mark> vous permettra d'associer votre marque et de la faire rayonner en partenariat avec le mus\u00e9e Soulages.<\/p>\n\n\n\n<div class=\"wp-block-group alignfull has-global-padding is-layout-constrained wp-block-group-is-layout-constrained\">\n<div style=\"height:30px\" aria-hidden=\"true\" class=\"wp-block-spacer\"><\/div>\n\n\n\n<div class=\"wp-block-columns alignwide are-vertically-aligned-center is-layout-flex wp-container-core-columns-is-layout-658170e2 wp-block-columns-is-layout-flex\">\n<div class=\"wp-block-column is-vertically-aligned-center is-layout-flow wp-block-column-is-layout-flow\">\n<figure class=\"wp-block-image size-full brou\"><img loading=\"lazy\" decoding=\"async\" width=\"800\" height=\"578\" src=\"https:\/\/www.cerclepierresoulages.com\/wp-content\/uploads\/2024\/06\/brou.jpg\" alt=\"\" class=\"wp-image-85\" srcset=\"https:\/\/www.cerclepierresoulages.com\/wp-content\/uploads\/2024\/06\/brou.jpg 800w, https:\/\/www.cerclepierresoulages.com\/wp-content\/uploads\/2024\/06\/brou-300x217.jpg 300w, https:\/\/www.cerclepierresoulages.com\/wp-content\/uploads\/2024\/06\/brou-768x555.jpg 768w\" sizes=\"auto, (max-width: 800px) 100vw, 800px\" \/><\/figure>\n<\/div>\n\n\n\n<div class=\"wp-block-column is-vertically-aligned-center is-layout-flow wp-block-column-is-layout-flow\">\n<p>En 2005&nbsp;<strong>Pierre &amp; Colette Soulages<\/strong>&nbsp;font don d\u2019une collection exceptionnelle de 250 \u0153uvres et 250 documents, la plus importante octroy\u00e9e en France par un artiste vivant. Commence alors la grande aventure du mus\u00e9e Soulages et de sa cr\u00e9ation. Le cabinet Catalan <strong>RCR arquitectes<\/strong> prennent part au concours pour la r\u00e9alisation du futur mus\u00e9e Soulages. Leur projet est retenu parmi ceux des quatre-vingt-dix-huit autres candidats. Le r\u00e9sultat : ce b\u00e2timent \u00e9tonnant qui h\u00e9berge le mus\u00e9e Soulages. En 2017, le cabinet RCR re\u00e7oit le prix Pritzker, la plus haute distinction dans le domaine de l\u2019architecture.<\/p>\n\n\n\n<p>Depuis son ouverture en 2014, plus de 1,5 million de visiteurs on d\u00e9couvert ce bijou culturel. Ses collections sont enrichies par des d\u00e9p\u00f4ts d\u2019\u0153uvres de Pierre Soulages provenant de mus\u00e9es ou de collections.<\/p>\n<\/div>\n<\/div>\n\n\n\n<div style=\"height:50px\" aria-hidden=\"true\" class=\"wp-block-spacer\"><\/div>\n<\/div>\n\n\n\n<figure class=\"wp-block-image alignfull size-full\"><img loading=\"lazy\" decoding=\"async\" width=\"1920\" height=\"746\" src=\"https:\/\/www.cerclepierresoulages.com\/wp-content\/uploads\/2024\/06\/musee-soulages.jpg\" alt=\"\" class=\"wp-image-87\" srcset=\"https:\/\/www.cerclepierresoulages.com\/wp-content\/uploads\/2024\/06\/musee-soulages.jpg 1920w, https:\/\/www.cerclepierresoulages.com\/wp-content\/uploads\/2024\/06\/musee-soulages-300x117.jpg 300w, https:\/\/www.cerclepierresoulages.com\/wp-content\/uploads\/2024\/06\/musee-soulages-1024x398.jpg 1024w, https:\/\/www.cerclepierresoulages.com\/wp-content\/uploads\/2024\/06\/musee-soulages-768x298.jpg 768w, https:\/\/www.cerclepierresoulages.com\/wp-content\/uploads\/2024\/06\/musee-soulages-1536x597.jpg 1536w\" sizes=\"auto, (max-width: 1920px) 100vw, 1920px\" \/><\/figure>","protected":false},"excerpt":{"rendered":"<p>The Cercle International Pierre Soulages was created in 2022 by a group of contemporary art enthusiasts who share a passion for the works of the late Pierre Soulages (1919 &#8211; 2022) and the museum that bears his name. Its primary mission is financial support of the museum to ensure its long-term viability, contributing to key [&hellip;]<\/p>","protected":false},"author":1,"featured_media":0,"parent":0,"menu_order":0,"comment_status":"closed","ping_status":"open","template":"page-no-title","meta":{"footnotes":""},"class_list":["post-2","page","type-page","status-publish","hentry"],"_links":{"self":[{"href":"https:\/\/www.cerclepierresoulages.com\/fr\/wp-json\/wp\/v2\/pages\/2","targetHints":{"allow":["GET"]}}],"collection":[{"href":"https:\/\/www.cerclepierresoulages.com\/fr\/wp-json\/wp\/v2\/pages"}],"about":[{"href":"https:\/\/www.cerclepierresoulages.com\/fr\/wp-json\/wp\/v2\/types\/page"}],"author":[{"embeddable":true,"href":"https:\/\/www.cerclepierresoulages.com\/fr\/wp-json\/wp\/v2\/users\/1"}],"replies":[{"embeddable":true,"href":"https:\/\/www.cerclepierresoulages.com\/fr\/wp-json\/wp\/v2\/comments?post=2"}],"version-history":[{"count":10,"href":"https:\/\/www.cerclepierresoulages.com\/fr\/wp-json\/wp\/v2\/pages\/2\/revisions"}],"predecessor-version":[{"id":561,"href":"https:\/\/www.cerclepierresoulages.com\/fr\/wp-json\/wp\/v2\/pages\/2\/revisions\/561"}],"wp:attachment":[{"href":"https:\/\/www.cerclepierresoulages.com\/fr\/wp-json\/wp\/v2\/media?parent=2"}],"curies":[{"name":"wp","href":"https:\/\/api.w.org\/{rel}","templated":true}]}}